{"id":3130,"date":"2025-07-22T11:22:11","date_gmt":"2025-07-22T08:22:11","guid":{"rendered":"https:\/\/lunaskin.ee\/?page_id=3130"},"modified":"2025-09-10T10:53:23","modified_gmt":"2025-09-10T07:53:23","slug":"uldtingimused","status":"publish","type":"page","link":"https:\/\/lunaskin.ee\/en\/uldtingimused\/","title":{"rendered":"\u00dcldtingimused"},"content":{"rendered":"<div data-elementor-type=\"wp-page\" data-elementor-id=\"3130\" class=\"elementor elementor-3130\" data-elementor-post-type=\"page\">\n\t\t\t\t<div class=\"elementor-element elementor-element-b0c3150 e-flex e-con-boxed xts-section-disabled e-con e-parent\" data-id=\"b0c3150\" data-element_type=\"container\">\n\t\t\t\t\t<div class=\"e-con-inner\">\n\t\t\t\t<div class=\"elementor-element elementor-element-b164a46 elementor-widget elementor-widget-heading\" data-id=\"b164a46\" data-element_type=\"widget\" data-widget_type=\"heading.default\">\n\t\t\t\t<div class=\"elementor-widget-container\">\n\t\t\t<h2 class=\"elementor-heading-title elementor-size-default\">Interest free instalment agreemen \u2013 appendix to the main information agreement<\/h2>\t\t<\/div>\n\t\t\t\t<\/div>\n\t\t\t\t\t<\/div>\n\t\t\t\t<\/div>\n\t\t<div class=\"elementor-element elementor-element-1097beb e-flex e-con-boxed xts-section-disabled e-con e-parent\" data-id=\"1097beb\" data-element_type=\"container\">\n\t\t\t\t\t<div class=\"e-con-inner\">\n\t\t\t\t<div class=\"elementor-element elementor-element-7c5d554 xts-scheme-inherit xts-textalign-inherit elementor-widget elementor-widget-text-editor\" data-id=\"7c5d554\" data-element_type=\"widget\" data-widget_type=\"text-editor.default\">\n\t\t\t\t<div class=\"elementor-widget-container\">\n\t\t\t\t\t\t\t<ul><li class=\"translation-block\"><strong>Client<strong> \u2013 a natural person who has concluded the agreement and paid the initial instalment.<\/li><li class=\"translation-block\"><strong>Subscription<\/strong> \u2013 a package of laser hair removal procedures (4 or 8 sessions).<\/li><li class=\"translation-block\"><strong>Subscription Total Price<\/strong> \u2013 the package price including all discounts applicable at the time of purchase.<\/li><li class=\"translation-block\"><strong>Minimum Procedure Price<\/strong> \u2013 the retail price of a single procedure on the agreement date, without any subscription discount.<\/li><\/ul>\t\t\t\t\t\t<\/div>\n\t\t\t\t<\/div>\n\t\t\t\t\t<\/div>\n\t\t\t\t<\/div>\n\t\t<div class=\"elementor-element elementor-element-951971f e-flex e-con-boxed xts-section-disabled e-con e-parent\" data-id=\"951971f\" data-element_type=\"container\">\n\t\t\t\t\t<div class=\"e-con-inner\">\n\t\t\t\t<div class=\"elementor-element elementor-element-533e504 elementor-widget__width-initial elementor-widget elementor-widget-heading\" data-id=\"533e504\" data-element_type=\"widget\" data-widget_type=\"heading.default\">\n\t\t\t\t<div class=\"elementor-widget-container\">\n\t\t\t<h3 class=\"elementor-heading-title elementor-size-default\">Terms<\/h3>\t\t<\/div>\n\t\t\t\t<\/div>\n\t\t\t\t<div class=\"elementor-element elementor-element-2fabef4 elementor-widget__width-initial elementor-widget elementor-widget-heading\" data-id=\"2fabef4\" data-element_type=\"widget\" data-widget_type=\"heading.default\">\n\t\t\t\t<div class=\"elementor-widget-container\">\n\t\t\t<h3 class=\"elementor-heading-title elementor-size-default\">Subscription for 4 sessions<\/h3>\t\t<\/div>\n\t\t\t\t<\/div>\n\t\t\t\t<div class=\"elementor-element elementor-element-a4af70f elementor-widget__width-initial elementor-widget elementor-widget-heading\" data-id=\"a4af70f\" data-element_type=\"widget\" data-widget_type=\"heading.default\">\n\t\t\t\t<div class=\"elementor-widget-container\">\n\t\t\t<h3 class=\"elementor-heading-title elementor-size-default\">Subscription for 8 sessions<\/h3>\t\t<\/div>\n\t\t\t\t<\/div>\n\t\t\t\t<div class=\"elementor-element elementor-element-b6229d7 elementor-widget-divider--view-line elementor-widget elementor-widget-divider\" data-id=\"b6229d7\" data-element_type=\"widget\" data-widget_type=\"divider.default\">\n\t\t\t\t<div class=\"elementor-widget-container\">\n\t\t\t\t\t<div class=\"elementor-divider\">\n\t\t\t<span class=\"elementor-divider-separator\">\n\t\t\t\t\t\t<\/span>\n\t\t<\/div>\n\t\t\t\t<\/div>\n\t\t\t\t<\/div>\n\t\t\t\t<div class=\"elementor-element elementor-element-7cfd1c1 elementor-widget__width-initial elementor-widget elementor-widget-heading\" data-id=\"7cfd1c1\" data-element_type=\"widget\" data-widget_type=\"heading.default\">\n\t\t\t\t<div class=\"elementor-widget-container\">\n\t\t\t<h3 class=\"elementor-heading-title elementor-size-default\">First payment<\/h3>\t\t<\/div>\n\t\t\t\t<\/div>\n\t\t\t\t<div class=\"elementor-element elementor-element-bfab53e elementor-widget__width-initial elementor-widget elementor-widget-heading\" data-id=\"bfab53e\" data-element_type=\"widget\" data-widget_type=\"heading.default\">\n\t\t\t\t<div class=\"elementor-widget-container\">\n\t\t\t<h3 class=\"elementor-heading-title elementor-size-default\">50% of the Subscription Total Price<\/h3>\t\t<\/div>\n\t\t\t\t<\/div>\n\t\t\t\t<div class=\"elementor-element elementor-element-edf8bc8 elementor-widget__width-initial elementor-widget elementor-widget-heading\" data-id=\"edf8bc8\" data-element_type=\"widget\" data-widget_type=\"heading.default\">\n\t\t\t\t<div class=\"elementor-widget-container\">\n\t\t\t<h3 class=\"elementor-heading-title elementor-size-default\">50% of the Subscription Total Price<\/h3>\t\t<\/div>\n\t\t\t\t<\/div>\n\t\t\t\t<div class=\"elementor-element elementor-element-ae55b4b elementor-widget-divider--view-line elementor-widget elementor-widget-divider\" data-id=\"ae55b4b\" data-element_type=\"widget\" data-widget_type=\"divider.default\">\n\t\t\t\t<div class=\"elementor-widget-container\">\n\t\t\t\t\t<div class=\"elementor-divider\">\n\t\t\t<span class=\"elementor-divider-separator\">\n\t\t\t\t\t\t<\/span>\n\t\t<\/div>\n\t\t\t\t<\/div>\n\t\t\t\t<\/div>\n\t\t\t\t<div class=\"elementor-element elementor-element-8fcc454 elementor-widget__width-initial elementor-widget elementor-widget-heading\" data-id=\"8fcc454\" data-element_type=\"widget\" data-widget_type=\"heading.default\">\n\t\t\t\t<div class=\"elementor-widget-container\">\n\t\t\t<h3 class=\"elementor-heading-title elementor-size-default\">Due\n<\/h3>\t\t<\/div>\n\t\t\t\t<\/div>\n\t\t\t\t<div class=\"elementor-element elementor-element-b2d4541 elementor-widget__width-initial elementor-widget elementor-widget-heading\" data-id=\"b2d4541\" data-element_type=\"widget\" data-widget_type=\"heading.default\">\n\t\t\t\t<div class=\"elementor-widget-container\">\n\t\t\t<h3 class=\"elementor-heading-title elementor-size-default\">on the day of the 1st visit<\/h3>\t\t<\/div>\n\t\t\t\t<\/div>\n\t\t\t\t<div class=\"elementor-element elementor-element-572f716 elementor-widget__width-initial elementor-widget elementor-widget-heading\" data-id=\"572f716\" data-element_type=\"widget\" data-widget_type=\"heading.default\">\n\t\t\t\t<div class=\"elementor-widget-container\">\n\t\t\t<h3 class=\"elementor-heading-title elementor-size-default\">on the day of the 1st visit<\/h3>\t\t<\/div>\n\t\t\t\t<\/div>\n\t\t\t\t<div class=\"elementor-element elementor-element-ba94fcc elementor-widget-divider--view-line elementor-widget elementor-widget-divider\" data-id=\"ba94fcc\" data-element_type=\"widget\" data-widget_type=\"divider.default\">\n\t\t\t\t<div class=\"elementor-widget-container\">\n\t\t\t\t\t<div class=\"elementor-divider\">\n\t\t\t<span class=\"elementor-divider-separator\">\n\t\t\t\t\t\t<\/span>\n\t\t<\/div>\n\t\t\t\t<\/div>\n\t\t\t\t<\/div>\n\t\t\t\t<div class=\"elementor-element elementor-element-6dcaca6 elementor-widget__width-initial elementor-widget elementor-widget-heading\" data-id=\"6dcaca6\" data-element_type=\"widget\" data-widget_type=\"heading.default\">\n\t\t\t\t<div class=\"elementor-widget-container\">\n\t\t\t<h3 class=\"elementor-heading-title elementor-size-default\">Second payment<\/h3>\t\t<\/div>\n\t\t\t\t<\/div>\n\t\t\t\t<div class=\"elementor-element elementor-element-8d5622c elementor-widget__width-initial elementor-widget elementor-widget-heading\" data-id=\"8d5622c\" data-element_type=\"widget\" data-widget_type=\"heading.default\">\n\t\t\t\t<div class=\"elementor-widget-container\">\n\t\t\t<h3 class=\"elementor-heading-title elementor-size-default\">50% of the Subscription Total Price<\/h3>\t\t<\/div>\n\t\t\t\t<\/div>\n\t\t\t\t<div class=\"elementor-element elementor-element-65df486 elementor-widget__width-initial elementor-widget elementor-widget-heading\" data-id=\"65df486\" data-element_type=\"widget\" data-widget_type=\"heading.default\">\n\t\t\t\t<div class=\"elementor-widget-container\">\n\t\t\t<h3 class=\"elementor-heading-title elementor-size-default\">50% of the Subscription Total Price<\/h3>\t\t<\/div>\n\t\t\t\t<\/div>\n\t\t\t\t<div class=\"elementor-element elementor-element-aa8dddd elementor-widget-divider--view-line elementor-widget elementor-widget-divider\" data-id=\"aa8dddd\" data-element_type=\"widget\" data-widget_type=\"divider.default\">\n\t\t\t\t<div class=\"elementor-widget-container\">\n\t\t\t\t\t<div class=\"elementor-divider\">\n\t\t\t<span class=\"elementor-divider-separator\">\n\t\t\t\t\t\t<\/span>\n\t\t<\/div>\n\t\t\t\t<\/div>\n\t\t\t\t<\/div>\n\t\t\t\t<div class=\"elementor-element elementor-element-a33a531 elementor-widget__width-initial elementor-widget elementor-widget-heading\" data-id=\"a33a531\" data-element_type=\"widget\" data-widget_type=\"heading.default\">\n\t\t\t\t<div class=\"elementor-widget-container\">\n\t\t\t<h3 class=\"elementor-heading-title elementor-size-default\">Due\n<\/h3>\t\t<\/div>\n\t\t\t\t<\/div>\n\t\t\t\t<div class=\"elementor-element elementor-element-7d501bb elementor-widget__width-initial elementor-widget elementor-widget-heading\" data-id=\"7d501bb\" data-element_type=\"widget\" data-widget_type=\"heading.default\">\n\t\t\t\t<div class=\"elementor-widget-container\">\n\t\t\t<h3 class=\"elementor-heading-title elementor-size-default translation-block\">on the day of the 2nd visit or no later than +60 days from the first visit<\/h3>\t\t<\/div>\n\t\t\t\t<\/div>\n\t\t\t\t<div class=\"elementor-element elementor-element-d66bcfb elementor-widget__width-initial elementor-widget elementor-widget-heading\" data-id=\"d66bcfb\" data-element_type=\"widget\" data-widget_type=\"heading.default\">\n\t\t\t\t<div class=\"elementor-widget-container\">\n\t\t\t<h3 class=\"elementor-heading-title elementor-size-default translation-block\">on the day of the 3rd visit or no later than +90 days from the first visit<\/h3>\t\t<\/div>\n\t\t\t\t<\/div>\n\t\t\t\t<div class=\"elementor-element elementor-element-3d45196 elementor-widget-divider--view-line elementor-widget elementor-widget-divider\" data-id=\"3d45196\" data-element_type=\"widget\" data-widget_type=\"divider.default\">\n\t\t\t\t<div class=\"elementor-widget-container\">\n\t\t\t\t\t<div class=\"elementor-divider\">\n\t\t\t<span class=\"elementor-divider-separator\">\n\t\t\t\t\t\t<\/span>\n\t\t<\/div>\n\t\t\t\t<\/div>\n\t\t\t\t<\/div>\n\t\t\t\t<div class=\"elementor-element elementor-element-de3a7f3 elementor-widget__width-initial elementor-widget elementor-widget-heading\" data-id=\"de3a7f3\" data-element_type=\"widget\" data-widget_type=\"heading.default\">\n\t\t\t\t<div class=\"elementor-widget-container\">\n\t\t\t<h3 class=\"elementor-heading-title elementor-size-default\">Example (Basic Set)<\/h3>\t\t<\/div>\n\t\t\t\t<\/div>\n\t\t\t\t<div class=\"elementor-element elementor-element-b3cf9ae elementor-widget__width-initial elementor-widget elementor-widget-heading\" data-id=\"b3cf9ae\" data-element_type=\"widget\" data-widget_type=\"heading.default\">\n\t\t\t\t<div class=\"elementor-widget-container\">\n\t\t\t<h3 class=\"elementor-heading-title elementor-size-default\"><strong>236\u20ac<\/strong> \u2192 118\u20ac \/ 118\u20ac<\/h3>\t\t<\/div>\n\t\t\t\t<\/div>\n\t\t\t\t<div class=\"elementor-element elementor-element-10f33fe elementor-widget__width-initial elementor-widget elementor-widget-heading\" data-id=\"10f33fe\" data-element_type=\"widget\" data-widget_type=\"heading.default\">\n\t\t\t\t<div class=\"elementor-widget-container\">\n\t\t\t<h3 class=\"elementor-heading-title elementor-size-default\"><strong>472\u20ac<\/strong> \u2192 236\u20ac \/ 236\u20ac<\/h3>\t\t<\/div>\n\t\t\t\t<\/div>\n\t\t\t\t\t<\/div>\n\t\t\t\t<\/div>\n\t\t<div class=\"elementor-element elementor-element-0bcf9c1 e-flex e-con-boxed xts-section-disabled e-con e-parent\" data-id=\"0bcf9c1\" data-element_type=\"container\">\n\t\t\t\t\t<div class=\"e-con-inner\">\n\t\t\t\t<div class=\"elementor-element elementor-element-5908012 xts-scheme-inherit xts-textalign-inherit elementor-widget elementor-widget-text-editor\" data-id=\"5908012\" data-element_type=\"widget\" data-widget_type=\"text-editor.default\">\n\t\t\t\t<div class=\"elementor-widget-container\">\n\t\t\t\t\t\t\t<p>All amounts include VAT. Payment may be made in cash, by card, or via bank transfer (bank details are provided in an annex to the agreement).<\/p><p><strong>Termination of the Agreement and Refunds<br \/><\/strong>To cancel the remaining procedures, the Client submits a medical certificate from the attending physician or other convincing evidence (no later than 3 working days before the scheduled procedure).<br \/>Refunds and recalculation are made as follows:<\/p><ol><li>The amount paid is recalculated using the retail price applicable on the agreement date; the refund is determined by the number of remaining sessions.<\/li><li>Subscription discounts are not taken into account when calculating refunds.<\/li><li>The Company deducts the actual cost of procedures already rendered and refunds the remaining amount to the Client within 14 calendar days after receiving all necessary documents.<\/li><\/ol>\t\t\t\t\t\t<\/div>\n\t\t\t\t<\/div>\n\t\t\t\t<div class=\"elementor-element elementor-element-e805e0e xts-scheme-inherit xts-textalign-inherit elementor-widget elementor-widget-text-editor\" data-id=\"e805e0e\" data-element_type=\"widget\" data-widget_type=\"text-editor.default\">\n\t\t\t\t<div class=\"elementor-widget-container\">\n\t\t\t\t\t\t\t<p><strong>Force Majeure<\/strong><br \/>The Parties are fully or partially released from liability for non-performance if such non-performance is caused by force majeure (e.g., acts of war, natural disasters, prohibitive acts of public authorities, etc.), provided that the other Party is notified no later than 5 calendar days after the occurrence of such event.<\/p>\t\t\t\t\t\t<\/div>\n\t\t\t\t<\/div>\n\t\t\t\t<div class=\"elementor-element elementor-element-5d9843b xts-scheme-inherit xts-textalign-inherit elementor-widget elementor-widget-text-editor\" data-id=\"5d9843b\" data-element_type=\"widget\" data-widget_type=\"text-editor.default\">\n\t\t\t\t<div class=\"elementor-widget-container\">\n\t\t\t\t\t\t\t<p><strong>Confidentiality and Data Protection<\/strong><\/p><ul><li>All Client personal data are processed in accordance with EU Regulation 2016\/679 (GDPR).<\/li><li>The Company undertakes not to disclose data to third parties without the Client\u2019s consent, except where required by Estonian law.<\/li><\/ul><p><strong>Disputes and Governing Law<\/strong><\/p><ul><li>All disputes shall be resolved through negotiations.<\/li><li>If no agreement is reached, the dispute shall be submitted to the Tallinn Arbitration Court.<\/li><li>This agreement is governed by the law of the Republic of Estonia.<\/li><\/ul>\t\t\t\t\t\t<\/div>\n\t\t\t\t<\/div>\n\t\t\t\t\t<\/div>\n\t\t\t\t<\/div>\n\t\t<div class=\"elementor-element elementor-element-16829f2 e-flex e-con-boxed xts-section-disabled e-con e-parent\" data-id=\"16829f2\" data-element_type=\"container\">\n\t\t\t\t\t<div class=\"e-con-inner\">\n\t\t\t\t<div class=\"elementor-element elementor-element-7fb4d26 elementor-widget elementor-widget-heading\" data-id=\"7fb4d26\" data-element_type=\"widget\" data-widget_type=\"heading.default\">\n\t\t\t\t<div class=\"elementor-widget-container\">\n\t\t\t<h2 class=\"elementor-heading-title elementor-size-default\">Special Conditions for Intimate Area Procedures<\/h2>\t\t<\/div>\n\t\t\t\t<\/div>\n\t\t\t\t\t<\/div>\n\t\t\t\t<\/div>\n\t\t<div class=\"elementor-element elementor-element-f041d7d e-flex e-con-boxed xts-section-disabled e-con e-parent\" data-id=\"f041d7d\" data-element_type=\"container\">\n\t\t\t\t\t<div class=\"e-con-inner\">\n\t\t\t\t<div class=\"elementor-element elementor-element-7649f2c xts-scheme-inherit xts-textalign-inherit elementor-widget elementor-widget-text-editor\" data-id=\"7649f2c\" data-element_type=\"widget\" data-widget_type=\"text-editor.default\">\n\t\t\t\t<div class=\"elementor-widget-container\">\n\t\t\t\t\t\t\t<p><strong>Laser hair removal in the deep (full) bikini area at our salon is performed only for clients with female genital anatomy.<\/strong><\/p><p class=\"translation-block\">This requirement is based on the technical specifics of the procedure and the equipment used. <br>It pertains solely to anatomical considerations and does not imply any other or personal connotation.<\/p>\t\t\t\t\t\t<\/div>\n\t\t\t\t<\/div>\n\t\t\t\t\t<\/div>\n\t\t\t\t<\/div>\n\t\t\t\t<\/div>","protected":false},"excerpt":{"rendered":"<p>Intressivaba j\u00e4relmaksu kokkulepe p\u00f5hiteavituskokkuleppe juurde Klient \u2013 f\u00fc\u00fcsiline isik, kes on s\u00f5lminud lepingu ja tasunud esimese sissemakse. Abonement \u2013 laserepilatsiooni protseduuride pakett (4 v\u00f5i 8 protseduuri). Abonemendi t\u00e4ielik hind \u2013 paketi hind koos k\u00f5igi ostmisel kehtivate allahindlustega. Protseduuri minimaalne hind \u2013 \u00fche protseduuri jaehind lepingu s\u00f5lmimise hetkel ilma abonemendi allahindluseta. Tingimus Abonement 4 protseduurile Abonement [&hellip;]<\/p>\n","protected":false},"author":2,"featured_media":0,"parent":0,"menu_order":0,"comment_status":"closed","ping_status":"closed","template":"","meta":{"footnotes":""},"class_list":["post-3130","page","type-page","status-publish","hentry"],"yoast_head":"<!-- This site is optimized with the Yoast SEO plugin v27.3 - https:\/\/yoast.com\/product\/yoast-seo-wordpress\/ -->\n<title>\u00dcldtingimused - LunaSkin<\/title>\n<meta name=\"robots\" content=\"index, follow, max-snippet:-1, max-image-preview:large, max-video-preview:-1\" \/>\n<link rel=\"canonical\" href=\"https:\/\/lunaskin.ee\/en\/uldtingimused\/\" \/>\n<meta property=\"og:locale\" content=\"en_GB\" \/>\n<meta property=\"og:type\" content=\"article\" \/>\n<meta property=\"og:title\" content=\"\u00dcldtingimused - LunaSkin\" \/>\n<meta property=\"og:description\" content=\"Intressivaba j\u00e4relmaksu kokkulepe p\u00f5hiteavituskokkuleppe juurde Klient \u2013 f\u00fc\u00fcsiline isik, kes on s\u00f5lminud lepingu ja tasunud esimese sissemakse. Abonement \u2013 laserepilatsiooni protseduuride pakett (4 v\u00f5i 8 protseduuri). Abonemendi t\u00e4ielik hind \u2013 paketi hind koos k\u00f5igi ostmisel kehtivate allahindlustega. Protseduuri minimaalne hind \u2013 \u00fche protseduuri jaehind lepingu s\u00f5lmimise hetkel ilma abonemendi allahindluseta. Tingimus Abonement 4 protseduurile Abonement [&hellip;]\" \/>\n<meta property=\"og:url\" content=\"https:\/\/lunaskin.ee\/en\/uldtingimused\/\" \/>\n<meta property=\"og:site_name\" content=\"LunaSkin\" \/>\n<meta property=\"article:publisher\" content=\"https:\/\/www.facebook.com\/lunaskin.eesti\" \/>\n<meta property=\"article:modified_time\" content=\"2025-09-10T07:53:23+00:00\" \/>\n<meta name=\"twitter:card\" content=\"summary_large_image\" \/>\n<meta name=\"twitter:label1\" content=\"Estimated reading time\" \/>\n\t<meta name=\"twitter:data1\" content=\"2 minutes\" \/>\n<script type=\"application\/ld+json\" class=\"yoast-schema-graph\">{\"@context\":\"https:\\\/\\\/schema.org\",\"@graph\":[{\"@type\":\"WebPage\",\"@id\":\"https:\\\/\\\/lunaskin.ee\\\/uldtingimused\\\/\",\"url\":\"https:\\\/\\\/lunaskin.ee\\\/uldtingimused\\\/\",\"name\":\"\u00dcldtingimused - LunaSkin\",\"isPartOf\":{\"@id\":\"https:\\\/\\\/lunaskin.ee\\\/#website\"},\"datePublished\":\"2025-07-22T08:22:11+00:00\",\"dateModified\":\"2025-09-10T07:53:23+00:00\",\"breadcrumb\":{\"@id\":\"https:\\\/\\\/lunaskin.ee\\\/uldtingimused\\\/#breadcrumb\"},\"inLanguage\":\"en-GB\",\"potentialAction\":[{\"@type\":\"ReadAction\",\"target\":[\"https:\\\/\\\/lunaskin.ee\\\/uldtingimused\\\/\"]}]},{\"@type\":\"BreadcrumbList\",\"@id\":\"https:\\\/\\\/lunaskin.ee\\\/uldtingimused\\\/#breadcrumb\",\"itemListElement\":[{\"@type\":\"ListItem\",\"position\":1,\"name\":\"Avaleht\",\"item\":\"https:\\\/\\\/lunaskin.ee\\\/\"},{\"@type\":\"ListItem\",\"position\":2,\"name\":\"\u00dcldtingimused\"}]},{\"@type\":\"WebSite\",\"@id\":\"https:\\\/\\\/lunaskin.ee\\\/#website\",\"url\":\"https:\\\/\\\/lunaskin.ee\\\/\",\"name\":\"LunaSkin\",\"description\":\"\",\"publisher\":{\"@id\":\"https:\\\/\\\/lunaskin.ee\\\/#organization\"},\"potentialAction\":[{\"@type\":\"SearchAction\",\"target\":{\"@type\":\"EntryPoint\",\"urlTemplate\":\"https:\\\/\\\/lunaskin.ee\\\/?s={search_term_string}\"},\"query-input\":{\"@type\":\"PropertyValueSpecification\",\"valueRequired\":true,\"valueName\":\"search_term_string\"}}],\"inLanguage\":\"en-GB\"},{\"@type\":\"Organization\",\"@id\":\"https:\\\/\\\/lunaskin.ee\\\/#organization\",\"name\":\"LunaSkin\",\"url\":\"https:\\\/\\\/lunaskin.ee\\\/\",\"logo\":{\"@type\":\"ImageObject\",\"inLanguage\":\"en-GB\",\"@id\":\"https:\\\/\\\/lunaskin.ee\\\/#\\\/schema\\\/logo\\\/image\\\/\",\"url\":\"https:\\\/\\\/lunaskin.ee\\\/wp-content\\\/uploads\\\/2023\\\/10\\\/lunaskin-logo.png\",\"contentUrl\":\"https:\\\/\\\/lunaskin.ee\\\/wp-content\\\/uploads\\\/2023\\\/10\\\/lunaskin-logo.png\",\"width\":1050,\"height\":313,\"caption\":\"LunaSkin\"},\"image\":{\"@id\":\"https:\\\/\\\/lunaskin.ee\\\/#\\\/schema\\\/logo\\\/image\\\/\"},\"sameAs\":[\"https:\\\/\\\/www.facebook.com\\\/lunaskin.eesti\"]}]}<\/script>\n<!-- \/ Yoast SEO plugin. -->","yoast_head_json":{"title":"\u00dcldtingimused - LunaSkin","robots":{"index":"index","follow":"follow","max-snippet":"max-snippet:-1","max-image-preview":"max-image-preview:large","max-video-preview":"max-video-preview:-1"},"canonical":"https:\/\/lunaskin.ee\/en\/uldtingimused\/","og_locale":"en_GB","og_type":"article","og_title":"\u00dcldtingimused - LunaSkin","og_description":"Intressivaba j\u00e4relmaksu kokkulepe p\u00f5hiteavituskokkuleppe juurde Klient \u2013 f\u00fc\u00fcsiline isik, kes on s\u00f5lminud lepingu ja tasunud esimese sissemakse. Abonement \u2013 laserepilatsiooni protseduuride pakett (4 v\u00f5i 8 protseduuri). Abonemendi t\u00e4ielik hind \u2013 paketi hind koos k\u00f5igi ostmisel kehtivate allahindlustega. Protseduuri minimaalne hind \u2013 \u00fche protseduuri jaehind lepingu s\u00f5lmimise hetkel ilma abonemendi allahindluseta. Tingimus Abonement 4 protseduurile Abonement [&hellip;]","og_url":"https:\/\/lunaskin.ee\/en\/uldtingimused\/","og_site_name":"LunaSkin","article_publisher":"https:\/\/www.facebook.com\/lunaskin.eesti","article_modified_time":"2025-09-10T07:53:23+00:00","twitter_card":"summary_large_image","twitter_misc":{"Estimated reading time":"2 minutes"},"schema":{"@context":"https:\/\/schema.org","@graph":[{"@type":"WebPage","@id":"https:\/\/lunaskin.ee\/uldtingimused\/","url":"https:\/\/lunaskin.ee\/uldtingimused\/","name":"\u00dcldtingimused - LunaSkin","isPartOf":{"@id":"https:\/\/lunaskin.ee\/#website"},"datePublished":"2025-07-22T08:22:11+00:00","dateModified":"2025-09-10T07:53:23+00:00","breadcrumb":{"@id":"https:\/\/lunaskin.ee\/uldtingimused\/#breadcrumb"},"inLanguage":"en-GB","potentialAction":[{"@type":"ReadAction","target":["https:\/\/lunaskin.ee\/uldtingimused\/"]}]},{"@type":"BreadcrumbList","@id":"https:\/\/lunaskin.ee\/uldtingimused\/#breadcrumb","itemListElement":[{"@type":"ListItem","position":1,"name":"Avaleht","item":"https:\/\/lunaskin.ee\/"},{"@type":"ListItem","position":2,"name":"\u00dcldtingimused"}]},{"@type":"WebSite","@id":"https:\/\/lunaskin.ee\/#website","url":"https:\/\/lunaskin.ee\/","name":"LunaSkin","description":"","publisher":{"@id":"https:\/\/lunaskin.ee\/#organization"},"potentialAction":[{"@type":"SearchAction","target":{"@type":"EntryPoint","urlTemplate":"https:\/\/lunaskin.ee\/?s={search_term_string}"},"query-input":{"@type":"PropertyValueSpecification","valueRequired":true,"valueName":"search_term_string"}}],"inLanguage":"en-GB"},{"@type":"Organization","@id":"https:\/\/lunaskin.ee\/#organization","name":"LunaSkin","url":"https:\/\/lunaskin.ee\/","logo":{"@type":"ImageObject","inLanguage":"en-GB","@id":"https:\/\/lunaskin.ee\/#\/schema\/logo\/image\/","url":"https:\/\/lunaskin.ee\/wp-content\/uploads\/2023\/10\/lunaskin-logo.png","contentUrl":"https:\/\/lunaskin.ee\/wp-content\/uploads\/2023\/10\/lunaskin-logo.png","width":1050,"height":313,"caption":"LunaSkin"},"image":{"@id":"https:\/\/lunaskin.ee\/#\/schema\/logo\/image\/"},"sameAs":["https:\/\/www.facebook.com\/lunaskin.eesti"]}]}},"_links":{"self":[{"href":"https:\/\/lunaskin.ee\/en\/wp-json\/wp\/v2\/pages\/3130","targetHints":{"allow":["GET"]}}],"collection":[{"href":"https:\/\/lunaskin.ee\/en\/wp-json\/wp\/v2\/pages"}],"about":[{"href":"https:\/\/lunaskin.ee\/en\/wp-json\/wp\/v2\/types\/page"}],"author":[{"embeddable":true,"href":"https:\/\/lunaskin.ee\/en\/wp-json\/wp\/v2\/users\/2"}],"replies":[{"embeddable":true,"href":"https:\/\/lunaskin.ee\/en\/wp-json\/wp\/v2\/comments?post=3130"}],"version-history":[{"count":0,"href":"https:\/\/lunaskin.ee\/en\/wp-json\/wp\/v2\/pages\/3130\/revisions"}],"wp:attachment":[{"href":"https:\/\/lunaskin.ee\/en\/wp-json\/wp\/v2\/media?parent=3130"}],"curies":[{"name":"wp","href":"https:\/\/api.w.org\/{rel}","templated":true}]}}